{"id":239,"date":"2019-03-30T02:10:27","date_gmt":"2019-03-30T02:10:27","guid":{"rendered":"https:\/\/valleflorconsulting.pt\/quem-somos\/"},"modified":"2019-05-22T16:13:09","modified_gmt":"2019-05-22T16:13:09","slug":"consulting-firm-for-sustainable-development-and-innovation","status":"publish","type":"page","link":"https:\/\/valleflorconsulting.pt\/en\/consulting-firm-for-sustainable-development-and-innovation\/","title":{"rendered":"Who we are"},"content":{"rendered":"<div class=\"wpb-content-wrapper\"><p>[vc_row css_animation=&#8221;&#8221; row_type=&#8221;row&#8221; use_row_as_full_screen_section=&#8221;yes&#8221; type=&#8221;grid&#8221; angled_section=&#8221;no&#8221; text_align=&#8221;left&#8221; background_image_as_pattern=&#8221;without_pattern&#8221; css=&#8221;.vc_custom_1553548805914{padding-top: 10% !important;padding-bottom: 9% !important;background-image: url(https:\/\/vfdev.valleflorconsulting.pt\/wp-content\/uploads\/2019\/03\/BG-consultora-em-desenvolvimento-sustentavel-e-inovacao-VFC1.jpg?id=1038) !important;}&#8221; z_index=&#8221;&#8221;][vc_column css_animation=&#8221;fadeIn&#8221; css=&#8221;.vc_custom_1553472693696{margin-bottom: 4% !important;}&#8221;][vc_column_text]<\/p>\n<h1 style=\"color: #21abe2;\">Who we are<\/h1>\n<p>[\/vc_column_text][vc_separator type=&#8221;small&#8221; position=&#8221;left&#8221; color=&#8221;#21abe2&#8243; thickness=&#8221;3&#8243; width=&#8221;40&#8243;][vc_row_inner row_type=&#8221;row&#8221; type=&#8221;grid&#8221; text_align=&#8221;left&#8221; css_animation=&#8221;&#8221; css=&#8221;.vc_custom_1553987082292{margin-top: 70px !important;}&#8221;][vc_column_inner width=&#8221;1\/12&#8243;][\/vc_column_inner][vc_column_inner width=&#8221;11\/12&#8243;][qode_elements_holder number_of_columns=&#8221;one_column&#8221; custom_class=&#8221;txt-square&#8221;][qode_elements_holder_item advanced_animations=&#8221;no&#8221; custom_class=&#8221;inner-square&#8221;][vc_empty_space height=&#8221;22px&#8221;][vc_column_text el_class=&#8221;black&#8221;]Valle Fl\u00f4r Consulting (VFC) was founded in 2017 by the <a href=\"https:\/\/www.imvf.org\/en\/home\/\" target=\"_blank\" rel=\"noopener noreferrer\">Instituto Marqu\u00eas de Valle Fl\u00f4r (IMVF)<\/a> foundation to operate as a consulting firm for sustainable development and corporate social and environmental responsibility. We comply with the values of integrity, expertise and innovation.[\/vc_column_text][vc_empty_space height=&#8221;22px&#8221;]<div class=\"q_counter_holder  left\" style=\"\" data-digit=\"118\"><span class=\"counter  zero\" style=\"color: #21abe2;font-size: 60px;font-weight: 700;\">118<\/span><p class=\"counter_text\" style=\"font-size: 17px;font-weight: 700;text-transform: capitalize;color: #21abe2;\">ProfessionalCare<\/p><\/div><div class=\"q_counter_holder  left\" style=\"\" data-digit=\"89\"><span class=\"counter  zero\" style=\"color: #21abe2;font-size: 60px;font-weight: 700;\">89<\/span><p class=\"counter_text\" style=\"font-size: 17px;font-weight: 700;text-transform: capitalize;color: #21abe2;\">ProfessionalCare<\/p><\/div><div class=\"q_counter_holder  left\" style=\"\" data-digit=\"75\"><span class=\"counter  zero\" style=\"color: #21abe2;font-size: 60px;font-weight: 700;\">75<\/span><p class=\"counter_text\" style=\"font-size: 17px;font-weight: 700;text-transform: capitalize;color: #21abe2;\">ProfessionalCare<\/p><\/div>[\/qode_elements_holder_item][\/qode_elements_holder][\/vc_column_inner][\/vc_row_inner][vc_row_inner row_type=&#8221;row&#8221; type=&#8221;grid&#8221; text_align=&#8221;left&#8221; css_animation=&#8221;&#8221;][vc_column_inner el_class=&#8221;img-square&#8221; offset=&#8221;vc_col-lg-6 vc_col-md-6&#8243;][vc_single_image image=&#8221;107&#8243; img_size=&#8221;450&#215;450&#8243; qode_css_animation=&#8221;&#8221; el_class=&#8221;inner-img-square&#8221;][\/vc_column_inner][vc_column_inner width=&#8221;1\/2&#8243;][\/vc_column_inner][\/vc_row_inner][\/vc_column][\/vc_row]<\/p>\n<\/div>","protected":false},"excerpt":{"rendered":"<p>[vc_row css_animation=&#8221;&#8221; row_type=&#8221;row&#8221; use_row_as_full_screen_section=&#8221;yes&#8221; type=&#8221;grid&#8221; angled_section=&#8221;no&#8221; text_align=&#8221;left&#8221; background_image_as_pattern=&#8221;without_pattern&#8221; css=&#8221;.vc_custom_1553548805914{padding-top: 10% !important;padding-bottom: 9% !important;background-image: url(https:\/\/vfdev.valleflorconsulting.pt\/wp-content\/uploads\/2019\/03\/BG-consultora-em-desenvolvimento-sustentavel-e-inovacao-VFC1.jpg?id=1038) !important;}&#8221; z_index=&#8221;&#8221;][vc_column css_animation=&#8221;fadeIn&#8221; css=&#8221;.vc_custom_1553472693696{margin-bottom: 4% !important;}&#8221;][vc_column_text] Who we are [\/vc_column_text][vc_separator type=&#8221;small&#8221; position=&#8221;left&#8221; color=&#8221;#21abe2&#8243; thickness=&#8221;3&#8243; width=&#8221;40&#8243;][vc_row_inner row_type=&#8221;row&#8221; type=&#8221;grid&#8221; text_align=&#8221;left&#8221; css_animation=&#8221;&#8221; css=&#8221;.vc_custom_1553987082292{margin-top: 70px !important;}&#8221;][vc_column_inner width=&#8221;1\/12&#8243;][\/vc_column_inner][vc_column_inner width=&#8221;11\/12&#8243;][qode_elements_holder number_of_columns=&#8221;one_column&#8221; custom_class=&#8221;txt-square&#8221;][qode_elements_holder_item advanced_animations=&#8221;no&#8221; custom_class=&#8221;inner-square&#8221;][vc_empty_space height=&#8221;22px&#8221;][vc_column_text el_class=&#8221;black&#8221;]Valle Fl\u00f4r&#8230;<\/p>\n","protected":false},"author":7,"featured_media":240,"parent":0,"menu_order":0,"comment_status":"closed","ping_status":"closed","template":"full_width.php","meta":{"footnotes":""},"class_list":["post-239","page","type-page","status-publish","has-post-thumbnail","hentry"],"yoast_head":"<!-- This site is optimized with the Yoast SEO plugin v27.5 - https:\/\/yoast.com\/product\/yoast-seo-wordpress\/ -->\r\n<title>Consulting firm for sustainable development and innovation | VFC<\/title>\r\n<meta name=\"description\" content=\"Valle Fl\u00f4r Consulting was founded in 2017 by Instituto Marqu\u00eas Valle Fl\u00f4r (IMVF) to operate as a consulting firm for sustainable development and innovation.\" \/>\r\n<meta name=\"robots\" content=\"index, follow, max-snippet:-1, max-image-preview:large, max-video-preview:-1\" \/>\r\n<link rel=\"canonical\" href=\"https:\/\/valleflorconsulting.pt\/en\/consulting-firm-for-sustainable-development-and-innovation\/\" \/>\r\n<meta property=\"og:locale\" content=\"en_US\" \/>\r\n<meta property=\"og:type\" content=\"article\" \/>\r\n<meta property=\"og:title\" content=\"Consulting firm for sustainable development and innovation | VFC\" \/>\r\n<meta property=\"og:description\" content=\"Valle Fl\u00f4r Consulting was founded in 2017 by Instituto Marqu\u00eas Valle Fl\u00f4r (IMVF) to operate as a consulting firm for sustainable development and innovation.\" \/>\r\n<meta property=\"og:url\" content=\"https:\/\/valleflorconsulting.pt\/en\/consulting-firm-for-sustainable-development-and-innovation\/\" \/>\r\n<meta property=\"og:site_name\" content=\"Valle Fl\u00f4r Consulting\" \/>\r\n<meta property=\"article:modified_time\" content=\"2019-05-22T16:13:09+00:00\" \/>\r\n<meta property=\"og:image\" content=\"https:\/\/valleflorconsulting.pt\/wp-content\/uploads\/2019\/03\/consultora-em-desenvolvimento-sustentavel-e-inovacao-VFC.png\" \/>\r\n\t<meta property=\"og:image:width\" content=\"600\" \/>\r\n\t<meta property=\"og:image:height\" content=\"600\" \/>\r\n\t<meta property=\"og:image:type\" content=\"image\/png\" \/>\r\n<meta name=\"twitter:card\" content=\"summary_large_image\" \/>\r\n<meta name=\"twitter:label1\" content=\"Est. reading time\" \/>\n\t<meta name=\"twitter:data1\" content=\"2 minutes\" \/>\r\n<script type=\"application\/ld+json\" class=\"yoast-schema-graph\">{\"@context\":\"https:\\\/\\\/schema.org\",\"@graph\":[{\"@type\":\"WebPage\",\"@id\":\"https:\\\/\\\/valleflorconsulting.pt\\\/en\\\/consulting-firm-for-sustainable-development-and-innovation\\\/\",\"url\":\"https:\\\/\\\/valleflorconsulting.pt\\\/en\\\/consulting-firm-for-sustainable-development-and-innovation\\\/\",\"name\":\"Consulting firm for sustainable development and innovation | VFC\",\"isPartOf\":{\"@id\":\"https:\\\/\\\/valleflorconsulting.pt\\\/#website\"},\"primaryImageOfPage\":{\"@id\":\"https:\\\/\\\/valleflorconsulting.pt\\\/en\\\/consulting-firm-for-sustainable-development-and-innovation\\\/#primaryimage\"},\"image\":{\"@id\":\"https:\\\/\\\/valleflorconsulting.pt\\\/en\\\/consulting-firm-for-sustainable-development-and-innovation\\\/#primaryimage\"},\"thumbnailUrl\":\"https:\\\/\\\/valleflorconsulting.pt\\\/wp-content\\\/uploads\\\/2019\\\/03\\\/consultora-em-desenvolvimento-sustentavel-e-inovacao-VFC.png\",\"datePublished\":\"2019-03-30T02:10:27+00:00\",\"dateModified\":\"2019-05-22T16:13:09+00:00\",\"description\":\"Valle Fl\u00f4r Consulting was founded in 2017 by Instituto Marqu\u00eas Valle Fl\u00f4r (IMVF) to operate as a consulting firm for sustainable development and innovation.\",\"breadcrumb\":{\"@id\":\"https:\\\/\\\/valleflorconsulting.pt\\\/en\\\/consulting-firm-for-sustainable-development-and-innovation\\\/#breadcrumb\"},\"inLanguage\":\"en-US\",\"potentialAction\":[{\"@type\":\"ReadAction\",\"target\":[\"https:\\\/\\\/valleflorconsulting.pt\\\/en\\\/consulting-firm-for-sustainable-development-and-innovation\\\/\"]}]},{\"@type\":\"ImageObject\",\"inLanguage\":\"en-US\",\"@id\":\"https:\\\/\\\/valleflorconsulting.pt\\\/en\\\/consulting-firm-for-sustainable-development-and-innovation\\\/#primaryimage\",\"url\":\"https:\\\/\\\/valleflorconsulting.pt\\\/wp-content\\\/uploads\\\/2019\\\/03\\\/consultora-em-desenvolvimento-sustentavel-e-inovacao-VFC.png\",\"contentUrl\":\"https:\\\/\\\/valleflorconsulting.pt\\\/wp-content\\\/uploads\\\/2019\\\/03\\\/consultora-em-desenvolvimento-sustentavel-e-inovacao-VFC.png\",\"width\":600,\"height\":600,\"caption\":\"Consulting firm for sustainable development and innovation\"},{\"@type\":\"BreadcrumbList\",\"@id\":\"https:\\\/\\\/valleflorconsulting.pt\\\/en\\\/consulting-firm-for-sustainable-development-and-innovation\\\/#breadcrumb\",\"itemListElement\":[{\"@type\":\"ListItem\",\"position\":1,\"name\":\"In\u00edcio\",\"item\":\"https:\\\/\\\/valleflorconsulting.pt\\\/en\\\/\"},{\"@type\":\"ListItem\",\"position\":2,\"name\":\"Who we are\"}]},{\"@type\":\"WebSite\",\"@id\":\"https:\\\/\\\/valleflorconsulting.pt\\\/#website\",\"url\":\"https:\\\/\\\/valleflorconsulting.pt\\\/\",\"name\":\"Valle Fl\u00f4r Consulting\",\"description\":\"Consultoria em desenvolvimento sustent\u00e1vel\",\"potentialAction\":[{\"@type\":\"SearchAction\",\"target\":{\"@type\":\"EntryPoint\",\"urlTemplate\":\"https:\\\/\\\/valleflorconsulting.pt\\\/?s={search_term_string}\"},\"query-input\":{\"@type\":\"PropertyValueSpecification\",\"valueRequired\":true,\"valueName\":\"search_term_string\"}}],\"inLanguage\":\"en-US\"}]}<\/script>\r\n<!-- \/ Yoast SEO plugin. -->","yoast_head_json":{"title":"Consulting firm for sustainable development and innovation | VFC","description":"Valle Fl\u00f4r Consulting was founded in 2017 by Instituto Marqu\u00eas Valle Fl\u00f4r (IMVF) to operate as a consulting firm for sustainable development and innovation.","robots":{"index":"index","follow":"follow","max-snippet":"max-snippet:-1","max-image-preview":"max-image-preview:large","max-video-preview":"max-video-preview:-1"},"canonical":"https:\/\/valleflorconsulting.pt\/en\/consulting-firm-for-sustainable-development-and-innovation\/","og_locale":"en_US","og_type":"article","og_title":"Consulting firm for sustainable development and innovation | VFC","og_description":"Valle Fl\u00f4r Consulting was founded in 2017 by Instituto Marqu\u00eas Valle Fl\u00f4r (IMVF) to operate as a consulting firm for sustainable development and innovation.","og_url":"https:\/\/valleflorconsulting.pt\/en\/consulting-firm-for-sustainable-development-and-innovation\/","og_site_name":"Valle Fl\u00f4r Consulting","article_modified_time":"2019-05-22T16:13:09+00:00","og_image":[{"width":600,"height":600,"url":"https:\/\/valleflorconsulting.pt\/wp-content\/uploads\/2019\/03\/consultora-em-desenvolvimento-sustentavel-e-inovacao-VFC.png","type":"image\/png"}],"twitter_card":"summary_large_image","twitter_misc":{"Est. reading time":"2 minutes"},"schema":{"@context":"https:\/\/schema.org","@graph":[{"@type":"WebPage","@id":"https:\/\/valleflorconsulting.pt\/en\/consulting-firm-for-sustainable-development-and-innovation\/","url":"https:\/\/valleflorconsulting.pt\/en\/consulting-firm-for-sustainable-development-and-innovation\/","name":"Consulting firm for sustainable development and innovation | VFC","isPartOf":{"@id":"https:\/\/valleflorconsulting.pt\/#website"},"primaryImageOfPage":{"@id":"https:\/\/valleflorconsulting.pt\/en\/consulting-firm-for-sustainable-development-and-innovation\/#primaryimage"},"image":{"@id":"https:\/\/valleflorconsulting.pt\/en\/consulting-firm-for-sustainable-development-and-innovation\/#primaryimage"},"thumbnailUrl":"https:\/\/valleflorconsulting.pt\/wp-content\/uploads\/2019\/03\/consultora-em-desenvolvimento-sustentavel-e-inovacao-VFC.png","datePublished":"2019-03-30T02:10:27+00:00","dateModified":"2019-05-22T16:13:09+00:00","description":"Valle Fl\u00f4r Consulting was founded in 2017 by Instituto Marqu\u00eas Valle Fl\u00f4r (IMVF) to operate as a consulting firm for sustainable development and innovation.","breadcrumb":{"@id":"https:\/\/valleflorconsulting.pt\/en\/consulting-firm-for-sustainable-development-and-innovation\/#breadcrumb"},"inLanguage":"en-US","potentialAction":[{"@type":"ReadAction","target":["https:\/\/valleflorconsulting.pt\/en\/consulting-firm-for-sustainable-development-and-innovation\/"]}]},{"@type":"ImageObject","inLanguage":"en-US","@id":"https:\/\/valleflorconsulting.pt\/en\/consulting-firm-for-sustainable-development-and-innovation\/#primaryimage","url":"https:\/\/valleflorconsulting.pt\/wp-content\/uploads\/2019\/03\/consultora-em-desenvolvimento-sustentavel-e-inovacao-VFC.png","contentUrl":"https:\/\/valleflorconsulting.pt\/wp-content\/uploads\/2019\/03\/consultora-em-desenvolvimento-sustentavel-e-inovacao-VFC.png","width":600,"height":600,"caption":"Consulting firm for sustainable development and innovation"},{"@type":"BreadcrumbList","@id":"https:\/\/valleflorconsulting.pt\/en\/consulting-firm-for-sustainable-development-and-innovation\/#breadcrumb","itemListElement":[{"@type":"ListItem","position":1,"name":"In\u00edcio","item":"https:\/\/valleflorconsulting.pt\/en\/"},{"@type":"ListItem","position":2,"name":"Who we are"}]},{"@type":"WebSite","@id":"https:\/\/valleflorconsulting.pt\/#website","url":"https:\/\/valleflorconsulting.pt\/","name":"Valle Fl\u00f4r Consulting","description":"Consultoria em desenvolvimento sustent\u00e1vel","potentialAction":[{"@type":"SearchAction","target":{"@type":"EntryPoint","urlTemplate":"https:\/\/valleflorconsulting.pt\/?s={search_term_string}"},"query-input":{"@type":"PropertyValueSpecification","valueRequired":true,"valueName":"search_term_string"}}],"inLanguage":"en-US"}]}},"_links":{"self":[{"href":"https:\/\/valleflorconsulting.pt\/en\/wp-json\/wp\/v2\/pages\/239","targetHints":{"allow":["GET"]}}],"collection":[{"href":"https:\/\/valleflorconsulting.pt\/en\/wp-json\/wp\/v2\/pages"}],"about":[{"href":"https:\/\/valleflorconsulting.pt\/en\/wp-json\/wp\/v2\/types\/page"}],"author":[{"embeddable":true,"href":"https:\/\/valleflorconsulting.pt\/en\/wp-json\/wp\/v2\/users\/7"}],"replies":[{"embeddable":true,"href":"https:\/\/valleflorconsulting.pt\/en\/wp-json\/wp\/v2\/comments?post=239"}],"version-history":[{"count":3,"href":"https:\/\/valleflorconsulting.pt\/en\/wp-json\/wp\/v2\/pages\/239\/revisions"}],"predecessor-version":[{"id":540,"href":"https:\/\/valleflorconsulting.pt\/en\/wp-json\/wp\/v2\/pages\/239\/revisions\/540"}],"wp:featuredmedia":[{"embeddable":true,"href":"https:\/\/valleflorconsulting.pt\/en\/wp-json\/wp\/v2\/media\/240"}],"wp:attachment":[{"href":"https:\/\/valleflorconsulting.pt\/en\/wp-json\/wp\/v2\/media?parent=239"}],"curies":[{"name":"wp","href":"https:\/\/api.w.org\/{rel}","templated":true}]}}